{"id":114,"date":"2021-01-13T11:02:20","date_gmt":"2021-01-13T09:02:20","guid":{"rendered":"https:\/\/saari1.fi\/?page_id=114"},"modified":"2022-11-09T19:22:58","modified_gmt":"2022-11-09T17:22:58","slug":"saunat","status":"publish","type":"page","link":"https:\/\/saari1.fi\/?page_id=114","title":{"rendered":"Saunat"},"content":{"rendered":"\n<p>Taloyhti\u00f6ll\u00e4 on asukkaiden k\u00e4ytt\u00f6\u00f6n yhteens\u00e4 kolme saunaa, jotka sijaitsevat A, C ja D-taloissa.<\/p>\n\n\n\n<p>Saunatalojen rappuihin k\u00e4ynti huoneiston avaimella.<\/p>\n\n\n\n<p><strong>Saunavuorot<\/strong><\/p>\n\n\n\n<p>Saunavuoroja on eri saunoissa keskiviikkoisin, perjantaisin ja lauantaisin.<\/p>\n\n\n\n<p>Vapaita saunavuoroja voi kysy\u00e4 is\u00e4nn\u00f6itsij\u00e4ntoimistosta.<\/p>\n","protected":false},"excerpt":{"rendered":"<p>Taloyhti\u00f6ll\u00e4 on asukkaiden k\u00e4ytt\u00f6\u00f6n yhteens\u00e4 kolme saunaa, jotka sijaitsevat A, C ja D-taloissa. Saunatalojen rappuihin k\u00e4ynti huoneiston avaimella. Saunavuorot Saunavuoroja on eri saunoissa keskiviikkoisin, perjantaisin ja lauantaisin. Vapaita saunavuoroja voi kysy\u00e4 is\u00e4nn\u00f6itsij\u00e4ntoimistosta.<\/p>\n","protected":false},"author":1,"featured_media":0,"parent":52,"menu_order":0,"comment_status":"closed","ping_status":"closed","template":"","meta":{"footnotes":""},"class_list":["post-114","page","type-page","status-publish","hentry"],"_links":{"self":[{"href":"https:\/\/saari1.fi\/index.php?rest_route=\/wp\/v2\/pages\/114","targetHints":{"allow":["GET"]}}],"collection":[{"href":"https:\/\/saari1.fi\/index.php?rest_route=\/wp\/v2\/pages"}],"about":[{"href":"https:\/\/saari1.fi\/index.php?rest_route=\/wp\/v2\/types\/page"}],"author":[{"embeddable":true,"href":"https:\/\/saari1.fi\/index.php?rest_route=\/wp\/v2\/users\/1"}],"replies":[{"embeddable":true,"href":"https:\/\/saari1.fi\/index.php?rest_route=%2Fwp%2Fv2%2Fcomments&post=114"}],"version-history":[{"count":9,"href":"https:\/\/saari1.fi\/index.php?rest_route=\/wp\/v2\/pages\/114\/revisions"}],"predecessor-version":[{"id":205,"href":"https:\/\/saari1.fi\/index.php?rest_route=\/wp\/v2\/pages\/114\/revisions\/205"}],"up":[{"embeddable":true,"href":"https:\/\/saari1.fi\/index.php?rest_route=\/wp\/v2\/pages\/52"}],"wp:attachment":[{"href":"https:\/\/saari1.fi\/index.php?rest_route=%2Fwp%2Fv2%2Fmedia&parent=114"}],"curies":[{"name":"wp","href":"https:\/\/api.w.org\/{rel}","templated":true}]}}