{"id":117,"date":"2021-01-13T11:08:21","date_gmt":"2021-01-13T09:08:21","guid":{"rendered":"https:\/\/saari1.fi\/?page_id=117"},"modified":"2021-11-24T17:56:48","modified_gmt":"2021-11-24T15:56:48","slug":"pysakointipaikat","status":"publish","type":"page","link":"https:\/\/saari1.fi\/?page_id=117","title":{"rendered":"Pys\u00e4k\u00f6intipaikat"},"content":{"rendered":"\n<p>Taloyhti\u00f6ll\u00e4 on niin vieraille kuin asukkaille tarkoitettuja pys\u00e4k\u00f6intipaikkoja.<\/p>\n\n\n\n<p><strong>Asukaspys\u00e4k\u00f6inti<\/strong><\/p>\n\n\n\n<p>Asukkaille on tarjolla niin tolpallisia kuin kylmi\u00e4kin pys\u00e4k\u00f6intipaikkoja talojen koilisella puolella.<\/p>\n\n\n\n<p>Vapaita paikkoja voi kysy\u00e4 is\u00e4nn\u00f6itsij\u00e4ntoimistosta.<\/p>\n\n\n\n<p><strong>Vieraspys\u00e4k\u00f6inti<\/strong><\/p>\n\n\n\n<p>Vieraspys\u00e4k\u00f6inti\u00e4 varten on oma parkkipaikka taloyhti\u00f6n koilisreunalla erillisell\u00e4 alueella.<\/p>\n\n\n\n<p>N\u00e4iden lis\u00e4ksi pys\u00e4k\u00f6intitilaa l\u00f6ytyy niin kadunvarresta kuin Saarisel\u00e4nkujan alkup\u00e4\u00e4n parkkialueelta.<\/p>\n","protected":false},"excerpt":{"rendered":"<p>Taloyhti\u00f6ll\u00e4 on niin vieraille kuin asukkaille tarkoitettuja pys\u00e4k\u00f6intipaikkoja. Asukaspys\u00e4k\u00f6inti Asukkaille on tarjolla niin tolpallisia kuin kylmi\u00e4kin pys\u00e4k\u00f6intipaikkoja talojen koilisella puolella. Vapaita paikkoja voi kysy\u00e4 is\u00e4nn\u00f6itsij\u00e4ntoimistosta. Vieraspys\u00e4k\u00f6inti Vieraspys\u00e4k\u00f6inti\u00e4 varten on oma parkkipaikka taloyhti\u00f6n koilisreunalla erillisell\u00e4 alueella. N\u00e4iden lis\u00e4ksi pys\u00e4k\u00f6intitilaa l\u00f6ytyy niin kadunvarresta kuin Saarisel\u00e4nkujan alkup\u00e4\u00e4n parkkialueelta.<\/p>\n","protected":false},"author":1,"featured_media":0,"parent":52,"menu_order":0,"comment_status":"closed","ping_status":"closed","template":"","meta":{"footnotes":""},"class_list":["post-117","page","type-page","status-publish","hentry"],"_links":{"self":[{"href":"https:\/\/saari1.fi\/index.php?rest_route=\/wp\/v2\/pages\/117","targetHints":{"allow":["GET"]}}],"collection":[{"href":"https:\/\/saari1.fi\/index.php?rest_route=\/wp\/v2\/pages"}],"about":[{"href":"https:\/\/saari1.fi\/index.php?rest_route=\/wp\/v2\/types\/page"}],"author":[{"embeddable":true,"href":"https:\/\/saari1.fi\/index.php?rest_route=\/wp\/v2\/users\/1"}],"replies":[{"embeddable":true,"href":"https:\/\/saari1.fi\/index.php?rest_route=%2Fwp%2Fv2%2Fcomments&post=117"}],"version-history":[{"count":2,"href":"https:\/\/saari1.fi\/index.php?rest_route=\/wp\/v2\/pages\/117\/revisions"}],"predecessor-version":[{"id":185,"href":"https:\/\/saari1.fi\/index.php?rest_route=\/wp\/v2\/pages\/117\/revisions\/185"}],"up":[{"embeddable":true,"href":"https:\/\/saari1.fi\/index.php?rest_route=\/wp\/v2\/pages\/52"}],"wp:attachment":[{"href":"https:\/\/saari1.fi\/index.php?rest_route=%2Fwp%2Fv2%2Fmedia&parent=117"}],"curies":[{"name":"wp","href":"https:\/\/api.w.org\/{rel}","templated":true}]}}