{"id":14,"date":"2019-12-02T18:20:34","date_gmt":"2019-12-02T16:20:34","guid":{"rendered":"https:\/\/saari1.fi\/?page_id=14"},"modified":"2021-11-24T17:55:08","modified_gmt":"2021-11-24T15:55:08","slug":"etusivu","status":"publish","type":"page","link":"https:\/\/saari1.fi\/","title":{"rendered":"Etusivu"},"content":{"rendered":"\n<p class=\"has-medium-font-size\">Tiedotteet<\/p>\n\n\n<ul class=\"wp-block-latest-posts__list has-dates wp-block-latest-posts\"><li><a class=\"wp-block-latest-posts__post-title\" href=\"https:\/\/saari1.fi\/?p=247\">Kev\u00e4ttalkoot lauantaina 10.5.2025<\/a><time datetime=\"2025-04-17T18:03:35+03:00\" class=\"wp-block-latest-posts__post-date\">17.4.2025<\/time><div class=\"wp-block-latest-posts__post-full-content\"><!-- wp:image {\"id\":248,\"sizeSlug\":\"full\",\"linkDestination\":\"none\",\"align\":\"center\"} -->\n<figure class=\"wp-block-image aligncenter size-full\"><img loading=\"lazy\" decoding=\"async\" width=\"602\" height=\"294\" src=\"https:\/\/saari1.fi\/wp-content\/uploads\/2025\/04\/image.png\" alt=\"\" class=\"wp-image-248\" srcset=\"https:\/\/saari1.fi\/wp-content\/uploads\/2025\/04\/image.png 602w, https:\/\/saari1.fi\/wp-content\/uploads\/2025\/04\/image-300x147.png 300w\" sizes=\"auto, (max-width: 602px) 100vw, 602px\" \/><\/figure>\n<!-- \/wp:image -->\n\n<!-- wp:paragraph {\"align\":\"center\",\"fontSize\":\"large\"} -->\n<p class=\"has-text-align-center has-large-font-size\"><strong>KEV\u00c4TTALKOOT<\/strong><\/p>\n<!-- \/wp:paragraph -->\n\n<!-- wp:paragraph {\"align\":\"center\",\"fontSize\":\"medium\"} -->\n<p class=\"has-text-align-center has-medium-font-size\"><strong>lauantaina 1<strong>0.5.2025<\/strong> klo 10.00 alkaen<\/strong><\/p>\n<!-- \/wp:paragraph -->\n\n<!-- wp:paragraph {\"align\":\"center\",\"fontSize\":\"small\"} -->\n<p class=\"has-text-align-center has-small-font-size\"><\/p>\n<!-- \/wp:paragraph -->\n\n<!-- wp:group {\"layout\":{\"type\":\"constrained\"}} -->\n<div class=\"wp-block-group\"><!-- wp:paragraph {\"align\":\"center\"} -->\n<p class=\"has-text-align-center\"><strong>Ohjelmassa mm<\/strong>:<\/p>\n<!-- \/wp:paragraph -->\n\n<!-- wp:paragraph {\"align\":\"center\"} -->\n<p class=\"has-text-align-center\">Haravointia ja piha-alueen siistimist\u00e4<\/p>\n<!-- \/wp:paragraph -->\n\n<!-- wp:paragraph {\"align\":\"center\"} -->\n<p class=\"has-text-align-center\">Kukkapenkkien kunnostamista<\/p>\n<!-- \/wp:paragraph -->\n\n<!-- wp:paragraph {\"align\":\"center\"} -->\n<p class=\"has-text-align-center\">Vilpoloiden ja varastojen siivoamista<\/p>\n<!-- \/wp:paragraph --><\/div>\n<!-- \/wp:group -->\n\n<!-- wp:paragraph {\"fontSize\":\"small\"} -->\n<p class=\"has-small-font-size\"><\/p>\n<!-- \/wp:paragraph -->\n\n<!-- wp:group {\"layout\":{\"type\":\"constrained\"}} -->\n<div class=\"wp-block-group\"><!-- wp:paragraph {\"align\":\"center\"} -->\n<p class=\"has-text-align-center\">Talkookahvit ja pient\u00e4 purtavaa<\/p>\n<!-- \/wp:paragraph -->\n\n<!-- wp:paragraph {\"align\":\"center\"} -->\n<p class=\"has-text-align-center\">S\u00e4\u00e4n salliessa grillataan makkaraa<\/p>\n<!-- \/wp:paragraph -->\n\n<!-- wp:paragraph {\"align\":\"center\"} -->\n<p class=\"has-text-align-center\">Talkoosauna D-talossa (naiset 15\u201317, miehet 17\u201319)<\/p>\n<!-- \/wp:paragraph --><\/div>\n<!-- \/wp:group -->\n\n<!-- wp:paragraph {\"fontSize\":\"small\"} -->\n<p class=\"has-small-font-size\"><\/p>\n<!-- \/wp:paragraph -->\n\n<!-- wp:group {\"layout\":{\"type\":\"constrained\"}} -->\n<div class=\"wp-block-group\"><!-- wp:paragraph {\"align\":\"center\"} -->\n<p class=\"has-text-align-center\">Paikalla my\u00f6s sekaj\u00e4telava pe 9.5. \u2013 su 11.5.<\/p>\n<!-- \/wp:paragraph -->\n\n<!-- wp:paragraph {\"align\":\"center\"} -->\n<p class=\"has-text-align-center\">Lavalle voi tuoda isompia sekaj\u00e4tteit\u00e4, mutta\u00a0<strong>EI<\/strong> ongelmaj\u00e4tteit\u00e4 eik\u00e4 s\u00e4hk\u00f6laitteita!<\/p>\n<!-- \/wp:paragraph -->\n\n<!-- wp:paragraph {\"align\":\"center\"} -->\n<p class=\"has-text-align-center\"><strong>N\u00e4hd\u00e4\u00e4n talkoissa!<\/strong><\/p>\n<!-- \/wp:paragraph --><\/div>\n<!-- \/wp:group --><\/div><\/li>\n<\/ul>\n\n\n<hr class=\"wp-block-separator\"\/>\n\n\n\n<p>Asunto Oy Saarisel\u00e4nkuja 1 on vuonna 1978 perustettu asunto-osakeyhti\u00f6, joka hallinnoi Helsingin Mellunm\u00e4ess\u00e4 sijaitsevaa kiinteist\u00f6\u00e4.<\/p>\n\n\n\n<p>Taloyhti\u00f6 koostuu kuudesta kolmikerroksisesta talosta, jotka ovat valmistuneet Mellunm\u00e4en huipulle vuonna 1982.<\/p>\n","protected":false},"excerpt":{"rendered":"<p>Tiedotteet Asunto Oy Saarisel\u00e4nkuja 1 on vuonna 1978 perustettu asunto-osakeyhti\u00f6, joka hallinnoi Helsingin Mellunm\u00e4ess\u00e4 sijaitsevaa kiinteist\u00f6\u00e4. Taloyhti\u00f6 koostuu kuudesta kolmikerroksisesta talosta, jotka ovat valmistuneet Mellunm\u00e4en huipulle vuonna 1982.<\/p>\n","protected":false},"author":1,"featured_media":0,"parent":0,"menu_order":0,"comment_status":"closed","ping_status":"closed","template":"","meta":{"footnotes":""},"class_list":["post-14","page","type-page","status-publish","hentry"],"_links":{"self":[{"href":"https:\/\/saari1.fi\/index.php?rest_route=\/wp\/v2\/pages\/14","targetHints":{"allow":["GET"]}}],"collection":[{"href":"https:\/\/saari1.fi\/index.php?rest_route=\/wp\/v2\/pages"}],"about":[{"href":"https:\/\/saari1.fi\/index.php?rest_route=\/wp\/v2\/types\/page"}],"author":[{"embeddable":true,"href":"https:\/\/saari1.fi\/index.php?rest_route=\/wp\/v2\/users\/1"}],"replies":[{"embeddable":true,"href":"https:\/\/saari1.fi\/index.php?rest_route=%2Fwp%2Fv2%2Fcomments&post=14"}],"version-history":[{"count":12,"href":"https:\/\/saari1.fi\/index.php?rest_route=\/wp\/v2\/pages\/14\/revisions"}],"predecessor-version":[{"id":183,"href":"https:\/\/saari1.fi\/index.php?rest_route=\/wp\/v2\/pages\/14\/revisions\/183"}],"wp:attachment":[{"href":"https:\/\/saari1.fi\/index.php?rest_route=%2Fwp%2Fv2%2Fmedia&parent=14"}],"curies":[{"name":"wp","href":"https:\/\/api.w.org\/{rel}","templated":true}]}}