{"id":172,"date":"2021-11-16T20:11:02","date_gmt":"2021-11-16T18:11:02","guid":{"rendered":"https:\/\/saari1.fi\/?page_id=172"},"modified":"2021-11-16T20:11:29","modified_gmt":"2021-11-16T18:11:29","slug":"jateasema","status":"publish","type":"page","link":"https:\/\/saari1.fi\/?page_id=172","title":{"rendered":"J\u00e4teasema"},"content":{"rendered":"\n<p>J\u00e4teasema sijaitsee E-talon edess\u00e4, k\u00e4ynti j\u00e4teasemalle huoneiston avaimella.<\/p>\n\n\n\n<p>J\u00e4teasemalta l\u00f6yd\u00e4t astiat:<\/p>\n\n\n\n<ul class=\"wp-block-list\"><li>Bioj\u00e4tteelle<\/li><li>Kartongille ja pahville<\/li><li>Lasille<\/li><li>Metallille<\/li><li>Muoville<\/li><li>Paperille<\/li><li>Sekaj\u00e4tteelle<\/li><\/ul>\n\n\n\n<p>Lis\u00e4tietoja j\u00e4tteiden lajittelusta l\u00f6yd\u00e4t HSY:n sivuilta: <a href=\"https:\/\/www.hsy.fi\/jatteet-ja-kierratys\/lajitteluohjeet\/\" data-type=\"URL\" data-id=\"https:\/\/www.hsy.fi\/jatteet-ja-kierratys\/lajitteluohjeet\/\" target=\"_blank\" rel=\"noreferrer noopener\">HSY &#8211; Lajitteluohjeet<\/a>.<\/p>\n","protected":false},"excerpt":{"rendered":"<p>J\u00e4teasema sijaitsee E-talon edess\u00e4, k\u00e4ynti j\u00e4teasemalle huoneiston avaimella. J\u00e4teasemalta l\u00f6yd\u00e4t astiat: Bioj\u00e4tteelle Kartongille ja pahville Lasille Metallille Muoville Paperille Sekaj\u00e4tteelle Lis\u00e4tietoja j\u00e4tteiden lajittelusta l\u00f6yd\u00e4t HSY:n sivuilta: HSY &#8211; Lajitteluohjeet.<\/p>\n","protected":false},"author":1,"featured_media":0,"parent":52,"menu_order":0,"comment_status":"closed","ping_status":"closed","template":"","meta":{"footnotes":""},"class_list":["post-172","page","type-page","status-publish","hentry"],"_links":{"self":[{"href":"https:\/\/saari1.fi\/index.php?rest_route=\/wp\/v2\/pages\/172","targetHints":{"allow":["GET"]}}],"collection":[{"href":"https:\/\/saari1.fi\/index.php?rest_route=\/wp\/v2\/pages"}],"about":[{"href":"https:\/\/saari1.fi\/index.php?rest_route=\/wp\/v2\/types\/page"}],"author":[{"embeddable":true,"href":"https:\/\/saari1.fi\/index.php?rest_route=\/wp\/v2\/users\/1"}],"replies":[{"embeddable":true,"href":"https:\/\/saari1.fi\/index.php?rest_route=%2Fwp%2Fv2%2Fcomments&post=172"}],"version-history":[{"count":1,"href":"https:\/\/saari1.fi\/index.php?rest_route=\/wp\/v2\/pages\/172\/revisions"}],"predecessor-version":[{"id":173,"href":"https:\/\/saari1.fi\/index.php?rest_route=\/wp\/v2\/pages\/172\/revisions\/173"}],"up":[{"embeddable":true,"href":"https:\/\/saari1.fi\/index.php?rest_route=\/wp\/v2\/pages\/52"}],"wp:attachment":[{"href":"https:\/\/saari1.fi\/index.php?rest_route=%2Fwp%2Fv2%2Fmedia&parent=172"}],"curies":[{"name":"wp","href":"https:\/\/api.w.org\/{rel}","templated":true}]}}