{"id":52,"date":"2020-01-20T20:27:15","date_gmt":"2020-01-20T18:27:15","guid":{"rendered":"https:\/\/saari1.fi\/?page_id=52"},"modified":"2022-04-05T08:28:18","modified_gmt":"2022-04-05T05:28:18","slug":"asukkaille","status":"publish","type":"page","link":"https:\/\/saari1.fi\/?page_id=52","title":{"rendered":"Asukkaille"},"content":{"rendered":"\n<p class=\"has-text-align-left\"><strong>Palvelut asukkaille<\/strong><\/p>\n\n\n\n<ul class=\"wp-block-list\"><li><a href=\"https:\/\/saari1.fi\/?page_id=172\" data-type=\"page\" data-id=\"172\">J\u00e4teasema<\/a><\/li><li><a href=\"https:\/\/saari1.fi\/?page_id=83\" data-type=\"URL\" data-id=\"https:\/\/saari1.fi\/?page_id=83\">Kuntosali<\/a><\/li><li><a href=\"https:\/\/saari1.fi\/?page_id=86\" data-type=\"URL\" data-id=\"https:\/\/saari1.fi\/?page_id=86\">Pesutupa<\/a><\/li><li><a href=\"https:\/\/saari1.fi\/?page_id=117\" data-type=\"URL\" data-id=\"https:\/\/saari1.fi\/?page_id=117\">Pys\u00e4k\u00f6intipaikat<\/a><\/li><li><a href=\"https:\/\/saari1.fi\/?page_id=164\" data-type=\"page\" data-id=\"164\">Py\u00f6r\u00e4- ja varastotilat<\/a><\/li><li><a href=\"https:\/\/saari1.fi\/?page_id=114\" data-type=\"URL\" data-id=\"https:\/\/saari1.fi\/?page_id=114\">Saunat<\/a><\/li><\/ul>\n\n\n\n<p><strong>Ohjeet ja oppaat asukkaille<\/strong><\/p>\n\n\n\n<ul class=\"wp-block-list\"><li><a href=\"https:\/\/www.vastuunjako.fi\/vastuunjako\/\" data-type=\"URL\" data-id=\"https:\/\/www.vastuunjako.fi\/vastuunjako\/\" target=\"_blank\" rel=\"noreferrer noopener\">Talonyhti\u00f6n vastuunjako<\/a> (vastuunjako.fi)<\/li><li><a rel=\"noreferrer noopener\" aria-label=\"Kiinteist\u00f6n pelastussuunnitelma (avautuu uudessa v\u00e4lilehdess\u00e4)\" href=\"https:\/\/www.pelastussuunnitelma.fi\/saariselankuja1\/\" target=\"_blank\">Kiinteist\u00f6n pelastussuunnitelma<\/a> (pelsu.fi)<\/li><\/ul>\n\n\n\n<p><\/p>\n","protected":false},"excerpt":{"rendered":"<p>Palvelut asukkaille J\u00e4teasema Kuntosali Pesutupa Pys\u00e4k\u00f6intipaikat Py\u00f6r\u00e4- ja varastotilat Saunat Ohjeet ja oppaat asukkaille Talonyhti\u00f6n vastuunjako (vastuunjako.fi) Kiinteist\u00f6n pelastussuunnitelma (pelsu.fi)<\/p>\n","protected":false},"author":1,"featured_media":0,"parent":0,"menu_order":0,"comment_status":"closed","ping_status":"closed","template":"","meta":{"footnotes":""},"class_list":["post-52","page","type-page","status-publish","hentry"],"_links":{"self":[{"href":"https:\/\/saari1.fi\/index.php?rest_route=\/wp\/v2\/pages\/52","targetHints":{"allow":["GET"]}}],"collection":[{"href":"https:\/\/saari1.fi\/index.php?rest_route=\/wp\/v2\/pages"}],"about":[{"href":"https:\/\/saari1.fi\/index.php?rest_route=\/wp\/v2\/types\/page"}],"author":[{"embeddable":true,"href":"https:\/\/saari1.fi\/index.php?rest_route=\/wp\/v2\/users\/1"}],"replies":[{"embeddable":true,"href":"https:\/\/saari1.fi\/index.php?rest_route=%2Fwp%2Fv2%2Fcomments&post=52"}],"version-history":[{"count":15,"href":"https:\/\/saari1.fi\/index.php?rest_route=\/wp\/v2\/pages\/52\/revisions"}],"predecessor-version":[{"id":194,"href":"https:\/\/saari1.fi\/index.php?rest_route=\/wp\/v2\/pages\/52\/revisions\/194"}],"wp:attachment":[{"href":"https:\/\/saari1.fi\/index.php?rest_route=%2Fwp%2Fv2%2Fmedia&parent=52"}],"curies":[{"name":"wp","href":"https:\/\/api.w.org\/{rel}","templated":true}]}}