{"id":7,"date":"2019-12-02T18:20:34","date_gmt":"2019-12-02T16:20:34","guid":{"rendered":"https:\/\/saari1.fi\/?page_id=7"},"modified":"2021-11-24T17:57:53","modified_gmt":"2021-11-24T15:57:53","slug":"tietoja","status":"publish","type":"page","link":"https:\/\/saari1.fi\/?page_id=7","title":{"rendered":"Tietoa taloyhti\u00f6st\u00e4"},"content":{"rendered":"\n<p>Asunto Oy Saarisel\u00e4nkuja 1 on vuonna  1978 perustettu asunto-osakeyhti\u00f6, joka hallinnoi Helsingin Mellunm\u00e4en huipulle vuonna 1982 valmistunutta kiinteist\u00f6\u00e4.<\/p>\n","protected":false},"excerpt":{"rendered":"<p>Asunto Oy Saarisel\u00e4nkuja 1 on vuonna 1978 perustettu asunto-osakeyhti\u00f6, joka hallinnoi Helsingin Mellunm\u00e4en huipulle vuonna 1982 valmistunutta kiinteist\u00f6\u00e4.<\/p>\n","protected":false},"author":1,"featured_media":0,"parent":0,"menu_order":0,"comment_status":"closed","ping_status":"closed","template":"","meta":{"footnotes":""},"class_list":["post-7","page","type-page","status-publish","hentry"],"_links":{"self":[{"href":"https:\/\/saari1.fi\/index.php?rest_route=\/wp\/v2\/pages\/7","targetHints":{"allow":["GET"]}}],"collection":[{"href":"https:\/\/saari1.fi\/index.php?rest_route=\/wp\/v2\/pages"}],"about":[{"href":"https:\/\/saari1.fi\/index.php?rest_route=\/wp\/v2\/types\/page"}],"author":[{"embeddable":true,"href":"https:\/\/saari1.fi\/index.php?rest_route=\/wp\/v2\/users\/1"}],"replies":[{"embeddable":true,"href":"https:\/\/saari1.fi\/index.php?rest_route=%2Fwp%2Fv2%2Fcomments&post=7"}],"version-history":[{"count":6,"href":"https:\/\/saari1.fi\/index.php?rest_route=\/wp\/v2\/pages\/7\/revisions"}],"predecessor-version":[{"id":189,"href":"https:\/\/saari1.fi\/index.php?rest_route=\/wp\/v2\/pages\/7\/revisions\/189"}],"wp:attachment":[{"href":"https:\/\/saari1.fi\/index.php?rest_route=%2Fwp%2Fv2%2Fmedia&parent=7"}],"curies":[{"name":"wp","href":"https:\/\/api.w.org\/{rel}","templated":true}]}}