{"id":8,"date":"2019-12-02T18:20:34","date_gmt":"2019-12-02T16:20:34","guid":{"rendered":"https:\/\/saari1.fi\/?page_id=8"},"modified":"2023-02-01T17:48:14","modified_gmt":"2023-02-01T15:48:14","slug":"ota-yhteytta","status":"publish","type":"page","link":"https:\/\/saari1.fi\/?page_id=8","title":{"rendered":"Ota yhteytt\u00e4"},"content":{"rendered":"\n<p><strong>Is\u00e4nn\u00f6itsij\u00e4<\/strong><br>Kiinteist\u00f6-Tahkola Oy<br><a href=\"https:\/\/kiinteistotahkola.ovi.premis.fi\/login\" data-type=\"URL\" data-id=\"https:\/\/kiinteistotahkola.ovi.premis.fi\/login\">Premis<\/a><\/p>\n\n\n\n<p>Ota yhteytt\u00e4 is\u00e4nn\u00f6itsij\u00e4\u00e4n esim. vastikkeiden maksuun, saunavuoroihin ja muihin hallinnollisiin asioihin liittyviss\u00e4 asioissa.<\/p>\n\n\n\n<p><strong>Huolto<\/strong><br>HT Kiinteist\u00f6palvelu Oy<br><a href=\"https:\/\/www.htkiinteistopalvelu.fi\/\">htkiinteistopalvelu.fi<\/a> <\/p>\n\n\n\n<p>Ota yhteytt\u00e4 huoltoon, jos huomaat huoneistossasi, rapussasi tai piha-alueella jotain huoltoa kaipaavaa.<\/p>\n\n\n\n<p><strong>Hallitus<\/strong><br>Alla olevalla lomakkeella saat otettua yhteytt\u00e4 suoraan taloyhti\u00f6n hallitukseen, jos haluat kertoa kehitysideoita tai antaa palautetta taloyhti\u00f6n toiminnasta.<\/p>\n\n\n\n<div class=\"wp-block-contact-form-7-contact-form-selector\">\n<div class=\"wpcf7 no-js\" id=\"wpcf7-f143-o1\" lang=\"fi\" dir=\"ltr\" data-wpcf7-id=\"143\">\n<div class=\"screen-reader-response\"><p role=\"status\" aria-live=\"polite\" aria-atomic=\"true\"><\/p> <ul><\/ul><\/div>\n<form action=\"\/index.php?rest_route=%2Fwp%2Fv2%2Fpages%2F8#wpcf7-f143-o1\" method=\"post\" class=\"wpcf7-form init\" aria-label=\"Yhteydenottolomake\" novalidate=\"novalidate\" data-status=\"init\">\n<fieldset class=\"hidden-fields-container\"><input type=\"hidden\" name=\"_wpcf7\" value=\"143\" \/><input type=\"hidden\" name=\"_wpcf7_version\" value=\"6.1.5\" \/><input type=\"hidden\" name=\"_wpcf7_locale\" value=\"fi\" \/><input type=\"hidden\" name=\"_wpcf7_unit_tag\" value=\"wpcf7-f143-o1\" \/><input type=\"hidden\" name=\"_wpcf7_container_post\" value=\"0\" \/><input type=\"hidden\" name=\"_wpcf7_posted_data_hash\" value=\"\" \/>\n<\/fieldset>\n<p><label> Nimesi<br \/>\n<span class=\"wpcf7-form-control-wrap\" data-name=\"your-name\"><input size=\"40\" maxlength=\"400\" class=\"wpcf7-form-control wpcf7-text wpcf7-validates-as-required\" aria-required=\"true\" aria-invalid=\"false\" value=\"\" type=\"text\" name=\"your-name\" \/><\/span> <\/label>\n<\/p>\n<p><label> S\u00e4hk\u00f6postiosoitteesi<br \/>\n<span class=\"wpcf7-form-control-wrap\" data-name=\"your-email\"><input size=\"40\" maxlength=\"400\" class=\"wpcf7-form-control wpcf7-email wpcf7-validates-as-required wpcf7-text wpcf7-validates-as-email\" aria-required=\"true\" aria-invalid=\"false\" value=\"\" type=\"email\" name=\"your-email\" \/><\/span> <\/label>\n<\/p>\n<p><label> Viestisi<br \/>\n<span class=\"wpcf7-form-control-wrap\" data-name=\"your-message\"><textarea cols=\"40\" rows=\"10\" maxlength=\"2000\" class=\"wpcf7-form-control wpcf7-textarea\" aria-invalid=\"false\" name=\"your-message\"><\/textarea><\/span> <\/label>\n<\/p>\n<p><label> Varmistus <\/label>\n<\/p>\n<p>T\u00e4yt\u00e4 alleolevat merkit niiden alla olevaan laatikkoon.\n<\/p>\n<p><input type=\"hidden\" name=\"_wpcf7_captcha_challenge_captcha-170\" value=\"2634872101\" \/><img loading=\"lazy\" decoding=\"async\" class=\"wpcf7-form-control wpcf7-captchac wpcf7-captcha-captcha-170\" width=\"72\" height=\"24\" alt=\"captcha\" src=\"https:\/\/saari1.fi\/wp-content\/uploads\/wpcf7_captcha\/2634872101.png\" \/><span class=\"wpcf7-form-control-wrap\" data-name=\"captcha-170\"><input size=\"4\" maxlength=\"4\" class=\"wpcf7-form-control wpcf7-captchar\" autocomplete=\"off\" aria-invalid=\"false\" value=\"\" type=\"text\" name=\"captcha-170\" \/><\/span>\n<\/p>\n<p><input class=\"wpcf7-form-control wpcf7-submit has-spinner\" type=\"submit\" value=\"L\u00e4het\u00e4\" \/>\n<\/p><div class=\"wpcf7-response-output\" aria-hidden=\"true\"><\/div>\n<\/form>\n<\/div>\n<\/div>\n","protected":false},"excerpt":{"rendered":"<p>Is\u00e4nn\u00f6itsij\u00e4Kiinteist\u00f6-Tahkola OyPremis Ota yhteytt\u00e4 is\u00e4nn\u00f6itsij\u00e4\u00e4n esim. vastikkeiden maksuun, saunavuoroihin ja muihin hallinnollisiin asioihin liittyviss\u00e4 asioissa. HuoltoHT Kiinteist\u00f6palvelu Oyhtkiinteistopalvelu.fi Ota yhteytt\u00e4 huoltoon, jos huomaat huoneistossasi, rapussasi tai piha-alueella jotain huoltoa kaipaavaa. HallitusAlla olevalla lomakkeella saat otettua yhteytt\u00e4 suoraan taloyhti\u00f6n hallitukseen, jos haluat kertoa kehitysideoita tai antaa palautetta taloyhti\u00f6n toiminnasta.<\/p>\n","protected":false},"author":1,"featured_media":0,"parent":0,"menu_order":0,"comment_status":"closed","ping_status":"closed","template":"","meta":{"footnotes":""},"class_list":["post-8","page","type-page","status-publish","hentry"],"_links":{"self":[{"href":"https:\/\/saari1.fi\/index.php?rest_route=\/wp\/v2\/pages\/8","targetHints":{"allow":["GET"]}}],"collection":[{"href":"https:\/\/saari1.fi\/index.php?rest_route=\/wp\/v2\/pages"}],"about":[{"href":"https:\/\/saari1.fi\/index.php?rest_route=\/wp\/v2\/types\/page"}],"author":[{"embeddable":true,"href":"https:\/\/saari1.fi\/index.php?rest_route=\/wp\/v2\/users\/1"}],"replies":[{"embeddable":true,"href":"https:\/\/saari1.fi\/index.php?rest_route=%2Fwp%2Fv2%2Fcomments&post=8"}],"version-history":[{"count":13,"href":"https:\/\/saari1.fi\/index.php?rest_route=\/wp\/v2\/pages\/8\/revisions"}],"predecessor-version":[{"id":208,"href":"https:\/\/saari1.fi\/index.php?rest_route=\/wp\/v2\/pages\/8\/revisions\/208"}],"wp:attachment":[{"href":"https:\/\/saari1.fi\/index.php?rest_route=%2Fwp%2Fv2%2Fmedia&parent=8"}],"curies":[{"name":"wp","href":"https:\/\/api.w.org\/{rel}","templated":true}]}}