{"id":83,"date":"2021-01-10T20:30:22","date_gmt":"2021-01-10T18:30:22","guid":{"rendered":"https:\/\/saari1.fi\/?page_id=83"},"modified":"2021-11-24T17:56:01","modified_gmt":"2021-11-24T15:56:01","slug":"kuntosali","status":"publish","type":"page","link":"https:\/\/saari1.fi\/?page_id=83","title":{"rendered":"Kuntosali"},"content":{"rendered":"\n<figure class=\"wp-block-image size-large\"><img loading=\"lazy\" decoding=\"async\" width=\"640\" height=\"480\" src=\"https:\/\/saari1.fi\/wp-content\/uploads\/2021\/01\/kuntosali.jpg\" alt=\"\" class=\"wp-image-102\" srcset=\"https:\/\/saari1.fi\/wp-content\/uploads\/2021\/01\/kuntosali.jpg 640w, https:\/\/saari1.fi\/wp-content\/uploads\/2021\/01\/kuntosali-300x225.jpg 300w\" sizes=\"auto, (max-width: 640px) 100vw, 640px\" \/><\/figure>\n\n\n\n<p>C-talossa sijaitseva kuntosali on tarkoitettu taloyhti\u00f6n asukkaiden k\u00e4ytt\u00f6\u00f6n.<\/p>\n\n\n\n<p>Kuntosalille p\u00e4\u00e4see C-talon oikean reunan ovesta E-koodilla varustetulla avaimella.<\/p>\n\n\n\n<p><strong>Laitteet ja palvelut<\/strong><\/p>\n\n\n\n<ul class=\"wp-block-list\"><li>Crosstrainer<\/li><li>Juoksumatto<\/li><li>Kuntopy\u00f6r\u00e4<\/li><li>Nyrkkeilys\u00e4kki<\/li><li>Penkki painoineen<\/li><li>Pehmustettu voimistelualue<\/li><li>Soutulaite<\/li><\/ul>\n\n\n\n<p>N\u00e4iden lis\u00e4ksi kuntosalilta l\u00f6ytyy erilaisia kuntoiluv\u00e4lineit\u00e4.<\/p>\n","protected":false},"excerpt":{"rendered":"<p>C-talossa sijaitseva kuntosali on tarkoitettu taloyhti\u00f6n asukkaiden k\u00e4ytt\u00f6\u00f6n. Kuntosalille p\u00e4\u00e4see C-talon oikean reunan ovesta E-koodilla varustetulla avaimella. Laitteet ja palvelut Crosstrainer Juoksumatto Kuntopy\u00f6r\u00e4 Nyrkkeilys\u00e4kki Penkki painoineen Pehmustettu voimistelualue Soutulaite N\u00e4iden lis\u00e4ksi kuntosalilta l\u00f6ytyy erilaisia kuntoiluv\u00e4lineit\u00e4.<\/p>\n","protected":false},"author":1,"featured_media":0,"parent":52,"menu_order":0,"comment_status":"closed","ping_status":"closed","template":"","meta":{"footnotes":""},"class_list":["post-83","page","type-page","status-publish","hentry"],"_links":{"self":[{"href":"https:\/\/saari1.fi\/index.php?rest_route=\/wp\/v2\/pages\/83","targetHints":{"allow":["GET"]}}],"collection":[{"href":"https:\/\/saari1.fi\/index.php?rest_route=\/wp\/v2\/pages"}],"about":[{"href":"https:\/\/saari1.fi\/index.php?rest_route=\/wp\/v2\/types\/page"}],"author":[{"embeddable":true,"href":"https:\/\/saari1.fi\/index.php?rest_route=\/wp\/v2\/users\/1"}],"replies":[{"embeddable":true,"href":"https:\/\/saari1.fi\/index.php?rest_route=%2Fwp%2Fv2%2Fcomments&post=83"}],"version-history":[{"count":9,"href":"https:\/\/saari1.fi\/index.php?rest_route=\/wp\/v2\/pages\/83\/revisions"}],"predecessor-version":[{"id":184,"href":"https:\/\/saari1.fi\/index.php?rest_route=\/wp\/v2\/pages\/83\/revisions\/184"}],"up":[{"embeddable":true,"href":"https:\/\/saari1.fi\/index.php?rest_route=\/wp\/v2\/pages\/52"}],"wp:attachment":[{"href":"https:\/\/saari1.fi\/index.php?rest_route=%2Fwp%2Fv2%2Fmedia&parent=83"}],"curies":[{"name":"wp","href":"https:\/\/api.w.org\/{rel}","templated":true}]}}