{"id":86,"date":"2021-01-10T20:35:18","date_gmt":"2021-01-10T18:35:18","guid":{"rendered":"https:\/\/saari1.fi\/?page_id=86"},"modified":"2021-11-16T20:17:05","modified_gmt":"2021-11-16T18:17:05","slug":"pesutupa","status":"publish","type":"page","link":"https:\/\/saari1.fi\/?page_id=86","title":{"rendered":"Pesutupa"},"content":{"rendered":"\n<figure class=\"wp-block-image size-large\"><img loading=\"lazy\" decoding=\"async\" width=\"640\" height=\"480\" src=\"https:\/\/saari1.fi\/wp-content\/uploads\/2021\/01\/pesutupa.jpg\" alt=\"\" class=\"wp-image-103\" srcset=\"https:\/\/saari1.fi\/wp-content\/uploads\/2021\/01\/pesutupa.jpg 640w, https:\/\/saari1.fi\/wp-content\/uploads\/2021\/01\/pesutupa-300x225.jpg 300w\" sizes=\"auto, (max-width: 640px) 100vw, 640px\" \/><\/figure>\n\n\n\n<p>D-talon pesutupa on tarkoitettu asukkaiden k\u00e4ytt\u00f6\u00f6n maanantaista sunnuntaihin kello 8-21 v\u00e4lisen\u00e4 aikana.<\/p>\n\n\n\n<p><strong>Pesutuvan laitteet ja palvelut<\/strong><\/p>\n\n\n\n<ul class=\"wp-block-list\"><li>Kaksi pesukonetta<\/li><li>Kuivausrumpu<\/li><li>Kuivaushuone<\/li><li>Mankeli<\/li><li>Pesualtaat letkuineen<\/li><\/ul>\n\n\n\n<p>Mattoja ei saa pest\u00e4 pesukoneissa eik\u00e4 kuivattaa kuivausrummussa tai -huoneessa.<\/p>\n","protected":false},"excerpt":{"rendered":"<p>D-talon pesutupa on tarkoitettu asukkaiden k\u00e4ytt\u00f6\u00f6n maanantaista sunnuntaihin kello 8-21 v\u00e4lisen\u00e4 aikana. Pesutuvan laitteet ja palvelut Kaksi pesukonetta Kuivausrumpu Kuivaushuone Mankeli Pesualtaat letkuineen Mattoja ei saa pest\u00e4 pesukoneissa eik\u00e4 kuivattaa kuivausrummussa tai -huoneessa.<\/p>\n","protected":false},"author":1,"featured_media":0,"parent":52,"menu_order":0,"comment_status":"closed","ping_status":"closed","template":"","meta":{"footnotes":""},"class_list":["post-86","page","type-page","status-publish","hentry"],"_links":{"self":[{"href":"https:\/\/saari1.fi\/index.php?rest_route=\/wp\/v2\/pages\/86","targetHints":{"allow":["GET"]}}],"collection":[{"href":"https:\/\/saari1.fi\/index.php?rest_route=\/wp\/v2\/pages"}],"about":[{"href":"https:\/\/saari1.fi\/index.php?rest_route=\/wp\/v2\/types\/page"}],"author":[{"embeddable":true,"href":"https:\/\/saari1.fi\/index.php?rest_route=\/wp\/v2\/users\/1"}],"replies":[{"embeddable":true,"href":"https:\/\/saari1.fi\/index.php?rest_route=%2Fwp%2Fv2%2Fcomments&post=86"}],"version-history":[{"count":6,"href":"https:\/\/saari1.fi\/index.php?rest_route=\/wp\/v2\/pages\/86\/revisions"}],"predecessor-version":[{"id":179,"href":"https:\/\/saari1.fi\/index.php?rest_route=\/wp\/v2\/pages\/86\/revisions\/179"}],"up":[{"embeddable":true,"href":"https:\/\/saari1.fi\/index.php?rest_route=\/wp\/v2\/pages\/52"}],"wp:attachment":[{"href":"https:\/\/saari1.fi\/index.php?rest_route=%2Fwp%2Fv2%2Fmedia&parent=86"}],"curies":[{"name":"wp","href":"https:\/\/api.w.org\/{rel}","templated":true}]}}